{"id":2064,"date":"2023-11-09T15:15:55","date_gmt":"2023-11-09T14:15:55","guid":{"rendered":"https:\/\/interim.local.com\/dolacz-do-nas\/"},"modified":"2024-08-12T12:36:06","modified_gmt":"2024-08-12T10:36:06","slug":"treten-sie-uns-bei","status":"publish","type":"page","link":"https:\/\/interimpartners.inwenta.pl\/de\/interim-manager\/treten-sie-uns-bei\/","title":{"rendered":"Treten sie uns bei"},"content":{"rendered":"","protected":false},"excerpt":{"rendered":"","protected":false},"author":1,"featured_media":0,"parent":2063,"menu_order":14,"comment_status":"closed","ping_status":"closed","template":"template-child-page.php","meta":[],"acf":[],"yoast_head":"<!-- This site is optimized with the Yoast SEO plugin v19.0 - https:\/\/yoast.com\/wordpress\/plugins\/seo\/ -->\n<title>Treten sie uns bei - Interim Partners - Inwenta<\/title>\n<meta name=\"robots\" content=\"index, follow, max-snippet:-1, max-image-preview:large, max-video-preview:-1\" \/>\n<link rel=\"canonical\" href=\"https:\/\/interimpartners.inwenta.pl\/de\/interim-manager\/treten-sie-uns-bei\/\" \/>\n<meta property=\"og:locale\" content=\"de_DE\" \/>\n<meta property=\"og:type\" content=\"article\" \/>\n<meta property=\"og:title\" content=\"Treten sie uns bei - Interim Partners - Inwenta\" \/>\n<meta property=\"og:url\" content=\"https:\/\/interimpartners.inwenta.pl\/de\/interim-manager\/treten-sie-uns-bei\/\" \/>\n<meta property=\"og:site_name\" content=\"Interim Partners - Inwenta\" \/>\n<meta property=\"article:modified_time\" content=\"2024-08-12T10:36:06+00:00\" \/>\n<meta name=\"twitter:card\" content=\"summary_large_image\" \/>\n<script type=\"application\/ld+json\" class=\"yoast-schema-graph\">{\"@context\":\"https:\/\/schema.org\",\"@graph\":[{\"@type\":\"WebSite\",\"@id\":\"https:\/\/interimpartners.inwenta.pl\/de\/#website\",\"url\":\"https:\/\/interimpartners.inwenta.pl\/de\/\",\"name\":\"Interim Partners - Inwenta\",\"description\":\"Od 20 lat aktywnie wspieramy przedsi\u0119biorc\u00f3w i ich firmy w pokonywaniu barier operacyjnych oraz codziennych wyzwa\u0144 w podnoszeniu warto\u015bci ich biznesu.\",\"potentialAction\":[{\"@type\":\"SearchAction\",\"target\":{\"@type\":\"EntryPoint\",\"urlTemplate\":\"https:\/\/interimpartners.inwenta.pl\/de\/?s={search_term_string}\"},\"query-input\":\"required name=search_term_string\"}],\"inLanguage\":\"de\"},{\"@type\":\"WebPage\",\"@id\":\"https:\/\/interimpartners.inwenta.pl\/de\/interim-manager\/treten-sie-uns-bei\/#webpage\",\"url\":\"https:\/\/interimpartners.inwenta.pl\/de\/interim-manager\/treten-sie-uns-bei\/\",\"name\":\"Treten sie uns bei - Interim Partners - Inwenta\",\"isPartOf\":{\"@id\":\"https:\/\/interimpartners.inwenta.pl\/de\/#website\"},\"datePublished\":\"2023-11-09T14:15:55+00:00\",\"dateModified\":\"2024-08-12T10:36:06+00:00\",\"breadcrumb\":{\"@id\":\"https:\/\/interimpartners.inwenta.pl\/de\/interim-manager\/treten-sie-uns-bei\/#breadcrumb\"},\"inLanguage\":\"de\",\"potentialAction\":[{\"@type\":\"ReadAction\",\"target\":[\"https:\/\/interimpartners.inwenta.pl\/de\/interim-manager\/treten-sie-uns-bei\/\"]}]},{\"@type\":\"BreadcrumbList\",\"@id\":\"https:\/\/interimpartners.inwenta.pl\/de\/interim-manager\/treten-sie-uns-bei\/#breadcrumb\",\"itemListElement\":[{\"@type\":\"ListItem\",\"position\":1,\"name\":\"Strona g\u0142\u00f3wna\",\"item\":\"https:\/\/interimpartners.inwenta.pl\/de\/\"},{\"@type\":\"ListItem\",\"position\":2,\"name\":\"Interim Manager\",\"item\":\"https:\/\/interimpartners.inwenta.pl\/de\/interim-manager\/\"},{\"@type\":\"ListItem\",\"position\":3,\"name\":\"Treten sie uns bei\"}]}]}<\/script>\n<!-- \/ Yoast SEO plugin. -->","yoast_head_json":{"title":"Treten sie uns bei - Interim Partners - Inwenta","robots":{"index":"index","follow":"follow","max-snippet":"max-snippet:-1","max-image-preview":"max-image-preview:large","max-video-preview":"max-video-preview:-1"},"canonical":"https:\/\/interimpartners.inwenta.pl\/de\/interim-manager\/treten-sie-uns-bei\/","og_locale":"de_DE","og_type":"article","og_title":"Treten sie uns bei - Interim Partners - Inwenta","og_url":"https:\/\/interimpartners.inwenta.pl\/de\/interim-manager\/treten-sie-uns-bei\/","og_site_name":"Interim Partners - Inwenta","article_modified_time":"2024-08-12T10:36:06+00:00","twitter_card":"summary_large_image","schema":{"@context":"https:\/\/schema.org","@graph":[{"@type":"WebSite","@id":"https:\/\/interimpartners.inwenta.pl\/de\/#website","url":"https:\/\/interimpartners.inwenta.pl\/de\/","name":"Interim Partners - Inwenta","description":"Od 20 lat aktywnie wspieramy przedsi\u0119biorc\u00f3w i ich firmy w pokonywaniu barier operacyjnych oraz codziennych wyzwa\u0144 w podnoszeniu warto\u015bci ich biznesu.","potentialAction":[{"@type":"SearchAction","target":{"@type":"EntryPoint","urlTemplate":"https:\/\/interimpartners.inwenta.pl\/de\/?s={search_term_string}"},"query-input":"required name=search_term_string"}],"inLanguage":"de"},{"@type":"WebPage","@id":"https:\/\/interimpartners.inwenta.pl\/de\/interim-manager\/treten-sie-uns-bei\/#webpage","url":"https:\/\/interimpartners.inwenta.pl\/de\/interim-manager\/treten-sie-uns-bei\/","name":"Treten sie uns bei - Interim Partners - Inwenta","isPartOf":{"@id":"https:\/\/interimpartners.inwenta.pl\/de\/#website"},"datePublished":"2023-11-09T14:15:55+00:00","dateModified":"2024-08-12T10:36:06+00:00","breadcrumb":{"@id":"https:\/\/interimpartners.inwenta.pl\/de\/interim-manager\/treten-sie-uns-bei\/#breadcrumb"},"inLanguage":"de","potentialAction":[{"@type":"ReadAction","target":["https:\/\/interimpartners.inwenta.pl\/de\/interim-manager\/treten-sie-uns-bei\/"]}]},{"@type":"BreadcrumbList","@id":"https:\/\/interimpartners.inwenta.pl\/de\/interim-manager\/treten-sie-uns-bei\/#breadcrumb","itemListElement":[{"@type":"ListItem","position":1,"name":"Strona g\u0142\u00f3wna","item":"https:\/\/interimpartners.inwenta.pl\/de\/"},{"@type":"ListItem","position":2,"name":"Interim Manager","item":"https:\/\/interimpartners.inwenta.pl\/de\/interim-manager\/"},{"@type":"ListItem","position":3,"name":"Treten sie uns bei"}]}]}},"_links":{"self":[{"href":"https:\/\/interimpartners.inwenta.pl\/de\/wp-json\/wp\/v2\/pages\/2064"}],"collection":[{"href":"https:\/\/interimpartners.inwenta.pl\/de\/wp-json\/wp\/v2\/pages"}],"about":[{"href":"https:\/\/interimpartners.inwenta.pl\/de\/wp-json\/wp\/v2\/types\/page"}],"author":[{"embeddable":true,"href":"https:\/\/interimpartners.inwenta.pl\/de\/wp-json\/wp\/v2\/users\/1"}],"replies":[{"embeddable":true,"href":"https:\/\/interimpartners.inwenta.pl\/de\/wp-json\/wp\/v2\/comments?post=2064"}],"version-history":[{"count":3,"href":"https:\/\/interimpartners.inwenta.pl\/de\/wp-json\/wp\/v2\/pages\/2064\/revisions"}],"predecessor-version":[{"id":2187,"href":"https:\/\/interimpartners.inwenta.pl\/de\/wp-json\/wp\/v2\/pages\/2064\/revisions\/2187"}],"up":[{"embeddable":true,"href":"https:\/\/interimpartners.inwenta.pl\/de\/wp-json\/wp\/v2\/pages\/2063"}],"wp:attachment":[{"href":"https:\/\/interimpartners.inwenta.pl\/de\/wp-json\/wp\/v2\/media?parent=2064"}],"curies":[{"name":"wp","href":"https:\/\/api.w.org\/{rel}","templated":true}]}}