{"id":2070,"date":"2023-11-09T15:14:43","date_gmt":"2023-11-09T14:14:43","guid":{"rendered":"https:\/\/interim.local.com\/interim-manager\/z-kim-wspolpracujemy\/"},"modified":"2024-08-11T09:08:57","modified_gmt":"2024-08-11T07:08:57","slug":"z-kim-wspolpracujemy","status":"publish","type":"page","link":"https:\/\/interimpartners.inwenta.pl\/de\/interim-manager\/z-kim-wspolpracujemy\/","title":{"rendered":"Z kim wsp\u00f3\u0142pracujemy"},"content":{"rendered":"","protected":false},"excerpt":{"rendered":"","protected":false},"author":1,"featured_media":0,"parent":2063,"menu_order":20,"comment_status":"closed","ping_status":"closed","template":"template-child-page.php","meta":[],"acf":[],"yoast_head":"<!-- This site is optimized with the Yoast SEO plugin v19.0 - https:\/\/yoast.com\/wordpress\/plugins\/seo\/ -->\n<title>Z kim wsp\u00f3\u0142pracujemy - Interim Partners - Inwenta<\/title>\n<meta name=\"robots\" content=\"index, follow, max-snippet:-1, max-image-preview:large, max-video-preview:-1\" \/>\n<link rel=\"canonical\" href=\"https:\/\/interimpartners.inwenta.pl\/de\/interim-manager\/z-kim-wspolpracujemy\/\" \/>\n<meta property=\"og:locale\" content=\"de_DE\" \/>\n<meta property=\"og:type\" content=\"article\" \/>\n<meta property=\"og:title\" content=\"Z kim wsp\u00f3\u0142pracujemy - Interim Partners - Inwenta\" \/>\n<meta property=\"og:url\" content=\"https:\/\/interimpartners.inwenta.pl\/de\/interim-manager\/z-kim-wspolpracujemy\/\" \/>\n<meta property=\"og:site_name\" content=\"Interim Partners - Inwenta\" \/>\n<meta property=\"article:modified_time\" content=\"2024-08-11T07:08:57+00:00\" \/>\n<meta name=\"twitter:card\" content=\"summary_large_image\" \/>\n<script type=\"application\/ld+json\" class=\"yoast-schema-graph\">{\"@context\":\"https:\/\/schema.org\",\"@graph\":[{\"@type\":\"WebSite\",\"@id\":\"https:\/\/interimpartners.inwenta.pl\/de\/#website\",\"url\":\"https:\/\/interimpartners.inwenta.pl\/de\/\",\"name\":\"Interim Partners - Inwenta\",\"description\":\"Od 20 lat aktywnie wspieramy przedsi\u0119biorc\u00f3w i ich firmy w pokonywaniu barier operacyjnych oraz codziennych wyzwa\u0144 w podnoszeniu warto\u015bci ich biznesu.\",\"potentialAction\":[{\"@type\":\"SearchAction\",\"target\":{\"@type\":\"EntryPoint\",\"urlTemplate\":\"https:\/\/interimpartners.inwenta.pl\/de\/?s={search_term_string}\"},\"query-input\":\"required name=search_term_string\"}],\"inLanguage\":\"de\"},{\"@type\":\"WebPage\",\"@id\":\"https:\/\/interimpartners.inwenta.pl\/de\/interim-manager\/z-kim-wspolpracujemy\/#webpage\",\"url\":\"https:\/\/interimpartners.inwenta.pl\/de\/interim-manager\/z-kim-wspolpracujemy\/\",\"name\":\"Z kim wsp\u00f3\u0142pracujemy - Interim Partners - Inwenta\",\"isPartOf\":{\"@id\":\"https:\/\/interimpartners.inwenta.pl\/de\/#website\"},\"datePublished\":\"2023-11-09T14:14:43+00:00\",\"dateModified\":\"2024-08-11T07:08:57+00:00\",\"breadcrumb\":{\"@id\":\"https:\/\/interimpartners.inwenta.pl\/de\/interim-manager\/z-kim-wspolpracujemy\/#breadcrumb\"},\"inLanguage\":\"de\",\"potentialAction\":[{\"@type\":\"ReadAction\",\"target\":[\"https:\/\/interimpartners.inwenta.pl\/de\/interim-manager\/z-kim-wspolpracujemy\/\"]}]},{\"@type\":\"BreadcrumbList\",\"@id\":\"https:\/\/interimpartners.inwenta.pl\/de\/interim-manager\/z-kim-wspolpracujemy\/#breadcrumb\",\"itemListElement\":[{\"@type\":\"ListItem\",\"position\":1,\"name\":\"Strona g\u0142\u00f3wna\",\"item\":\"https:\/\/interimpartners.inwenta.pl\/de\/\"},{\"@type\":\"ListItem\",\"position\":2,\"name\":\"Interim Manager\",\"item\":\"https:\/\/interimpartners.inwenta.pl\/de\/interim-manager\/\"},{\"@type\":\"ListItem\",\"position\":3,\"name\":\"Z kim wsp\u00f3\u0142pracujemy\"}]}]}<\/script>\n<!-- \/ Yoast SEO plugin. -->","yoast_head_json":{"title":"Z kim wsp\u00f3\u0142pracujemy - Interim Partners - Inwenta","robots":{"index":"index","follow":"follow","max-snippet":"max-snippet:-1","max-image-preview":"max-image-preview:large","max-video-preview":"max-video-preview:-1"},"canonical":"https:\/\/interimpartners.inwenta.pl\/de\/interim-manager\/z-kim-wspolpracujemy\/","og_locale":"de_DE","og_type":"article","og_title":"Z kim wsp\u00f3\u0142pracujemy - Interim Partners - Inwenta","og_url":"https:\/\/interimpartners.inwenta.pl\/de\/interim-manager\/z-kim-wspolpracujemy\/","og_site_name":"Interim Partners - Inwenta","article_modified_time":"2024-08-11T07:08:57+00:00","twitter_card":"summary_large_image","schema":{"@context":"https:\/\/schema.org","@graph":[{"@type":"WebSite","@id":"https:\/\/interimpartners.inwenta.pl\/de\/#website","url":"https:\/\/interimpartners.inwenta.pl\/de\/","name":"Interim Partners - Inwenta","description":"Od 20 lat aktywnie wspieramy przedsi\u0119biorc\u00f3w i ich firmy w pokonywaniu barier operacyjnych oraz codziennych wyzwa\u0144 w podnoszeniu warto\u015bci ich biznesu.","potentialAction":[{"@type":"SearchAction","target":{"@type":"EntryPoint","urlTemplate":"https:\/\/interimpartners.inwenta.pl\/de\/?s={search_term_string}"},"query-input":"required name=search_term_string"}],"inLanguage":"de"},{"@type":"WebPage","@id":"https:\/\/interimpartners.inwenta.pl\/de\/interim-manager\/z-kim-wspolpracujemy\/#webpage","url":"https:\/\/interimpartners.inwenta.pl\/de\/interim-manager\/z-kim-wspolpracujemy\/","name":"Z kim wsp\u00f3\u0142pracujemy - Interim Partners - Inwenta","isPartOf":{"@id":"https:\/\/interimpartners.inwenta.pl\/de\/#website"},"datePublished":"2023-11-09T14:14:43+00:00","dateModified":"2024-08-11T07:08:57+00:00","breadcrumb":{"@id":"https:\/\/interimpartners.inwenta.pl\/de\/interim-manager\/z-kim-wspolpracujemy\/#breadcrumb"},"inLanguage":"de","potentialAction":[{"@type":"ReadAction","target":["https:\/\/interimpartners.inwenta.pl\/de\/interim-manager\/z-kim-wspolpracujemy\/"]}]},{"@type":"BreadcrumbList","@id":"https:\/\/interimpartners.inwenta.pl\/de\/interim-manager\/z-kim-wspolpracujemy\/#breadcrumb","itemListElement":[{"@type":"ListItem","position":1,"name":"Strona g\u0142\u00f3wna","item":"https:\/\/interimpartners.inwenta.pl\/de\/"},{"@type":"ListItem","position":2,"name":"Interim Manager","item":"https:\/\/interimpartners.inwenta.pl\/de\/interim-manager\/"},{"@type":"ListItem","position":3,"name":"Z kim wsp\u00f3\u0142pracujemy"}]}]}},"_links":{"self":[{"href":"https:\/\/interimpartners.inwenta.pl\/de\/wp-json\/wp\/v2\/pages\/2070"}],"collection":[{"href":"https:\/\/interimpartners.inwenta.pl\/de\/wp-json\/wp\/v2\/pages"}],"about":[{"href":"https:\/\/interimpartners.inwenta.pl\/de\/wp-json\/wp\/v2\/types\/page"}],"author":[{"embeddable":true,"href":"https:\/\/interimpartners.inwenta.pl\/de\/wp-json\/wp\/v2\/users\/1"}],"replies":[{"embeddable":true,"href":"https:\/\/interimpartners.inwenta.pl\/de\/wp-json\/wp\/v2\/comments?post=2070"}],"version-history":[{"count":1,"href":"https:\/\/interimpartners.inwenta.pl\/de\/wp-json\/wp\/v2\/pages\/2070\/revisions"}],"predecessor-version":[{"id":2096,"href":"https:\/\/interimpartners.inwenta.pl\/de\/wp-json\/wp\/v2\/pages\/2070\/revisions\/2096"}],"up":[{"embeddable":true,"href":"https:\/\/interimpartners.inwenta.pl\/de\/wp-json\/wp\/v2\/pages\/2063"}],"wp:attachment":[{"href":"https:\/\/interimpartners.inwenta.pl\/de\/wp-json\/wp\/v2\/media?parent=2070"}],"curies":[{"name":"wp","href":"https:\/\/api.w.org\/{rel}","templated":true}]}}