{"id":2082,"date":"2023-11-09T15:06:57","date_gmt":"2023-11-09T14:06:57","guid":{"rendered":"https:\/\/interim.local.com\/uslugi-i-rozwiazania\/zarzadzanie-finansami-i-controlling\/"},"modified":"2024-08-11T11:17:32","modified_gmt":"2024-08-11T09:17:32","slug":"finanzmanagement-und-controlling","status":"publish","type":"page","link":"https:\/\/interimpartners.inwenta.pl\/de\/dienstleistungen-und-loesungen\/finanzmanagement-und-controlling\/","title":{"rendered":"Finanzmanagement und controlling"},"content":{"rendered":"","protected":false},"excerpt":{"rendered":"","protected":false},"author":1,"featured_media":0,"parent":2075,"menu_order":56,"comment_status":"closed","ping_status":"closed","template":"template-child-page.php","meta":[],"acf":[],"yoast_head":"<!-- This site is optimized with the Yoast SEO plugin v19.0 - https:\/\/yoast.com\/wordpress\/plugins\/seo\/ -->\n<title>Finanzmanagement und controlling - Interim Partners - Inwenta<\/title>\n<meta name=\"robots\" content=\"index, follow, max-snippet:-1, max-image-preview:large, max-video-preview:-1\" \/>\n<link rel=\"canonical\" href=\"https:\/\/interimpartners.inwenta.pl\/de\/dienstleistungen-und-loesungen\/finanzmanagement-und-controlling\/\" \/>\n<meta property=\"og:locale\" content=\"de_DE\" \/>\n<meta property=\"og:type\" content=\"article\" \/>\n<meta property=\"og:title\" content=\"Finanzmanagement und controlling - Interim Partners - Inwenta\" \/>\n<meta property=\"og:url\" content=\"https:\/\/interimpartners.inwenta.pl\/de\/dienstleistungen-und-loesungen\/finanzmanagement-und-controlling\/\" \/>\n<meta property=\"og:site_name\" content=\"Interim Partners - Inwenta\" \/>\n<meta property=\"article:modified_time\" content=\"2024-08-11T09:17:32+00:00\" \/>\n<meta name=\"twitter:card\" content=\"summary_large_image\" \/>\n<script type=\"application\/ld+json\" class=\"yoast-schema-graph\">{\"@context\":\"https:\/\/schema.org\",\"@graph\":[{\"@type\":\"WebSite\",\"@id\":\"https:\/\/interimpartners.inwenta.pl\/de\/#website\",\"url\":\"https:\/\/interimpartners.inwenta.pl\/de\/\",\"name\":\"Interim Partners - Inwenta\",\"description\":\"Od 20 lat aktywnie wspieramy przedsi\u0119biorc\u00f3w i ich firmy w pokonywaniu barier operacyjnych oraz codziennych wyzwa\u0144 w podnoszeniu warto\u015bci ich biznesu.\",\"potentialAction\":[{\"@type\":\"SearchAction\",\"target\":{\"@type\":\"EntryPoint\",\"urlTemplate\":\"https:\/\/interimpartners.inwenta.pl\/de\/?s={search_term_string}\"},\"query-input\":\"required name=search_term_string\"}],\"inLanguage\":\"de\"},{\"@type\":\"WebPage\",\"@id\":\"https:\/\/interimpartners.inwenta.pl\/de\/dienstleistungen-und-loesungen\/finanzmanagement-und-controlling\/#webpage\",\"url\":\"https:\/\/interimpartners.inwenta.pl\/de\/dienstleistungen-und-loesungen\/finanzmanagement-und-controlling\/\",\"name\":\"Finanzmanagement und controlling - Interim Partners - Inwenta\",\"isPartOf\":{\"@id\":\"https:\/\/interimpartners.inwenta.pl\/de\/#website\"},\"datePublished\":\"2023-11-09T14:06:57+00:00\",\"dateModified\":\"2024-08-11T09:17:32+00:00\",\"breadcrumb\":{\"@id\":\"https:\/\/interimpartners.inwenta.pl\/de\/dienstleistungen-und-loesungen\/finanzmanagement-und-controlling\/#breadcrumb\"},\"inLanguage\":\"de\",\"potentialAction\":[{\"@type\":\"ReadAction\",\"target\":[\"https:\/\/interimpartners.inwenta.pl\/de\/dienstleistungen-und-loesungen\/finanzmanagement-und-controlling\/\"]}]},{\"@type\":\"BreadcrumbList\",\"@id\":\"https:\/\/interimpartners.inwenta.pl\/de\/dienstleistungen-und-loesungen\/finanzmanagement-und-controlling\/#breadcrumb\",\"itemListElement\":[{\"@type\":\"ListItem\",\"position\":1,\"name\":\"Strona g\u0142\u00f3wna\",\"item\":\"https:\/\/interimpartners.inwenta.pl\/de\/\"},{\"@type\":\"ListItem\",\"position\":2,\"name\":\"Dienstleistungen und l\u00f6sungen\",\"item\":\"https:\/\/interimpartners.inwenta.pl\/de\/dienstleistungen-und-loesungen\/\"},{\"@type\":\"ListItem\",\"position\":3,\"name\":\"Finanzmanagement und controlling\"}]}]}<\/script>\n<!-- \/ Yoast SEO plugin. -->","yoast_head_json":{"title":"Finanzmanagement und controlling - Interim Partners - Inwenta","robots":{"index":"index","follow":"follow","max-snippet":"max-snippet:-1","max-image-preview":"max-image-preview:large","max-video-preview":"max-video-preview:-1"},"canonical":"https:\/\/interimpartners.inwenta.pl\/de\/dienstleistungen-und-loesungen\/finanzmanagement-und-controlling\/","og_locale":"de_DE","og_type":"article","og_title":"Finanzmanagement und controlling - Interim Partners - Inwenta","og_url":"https:\/\/interimpartners.inwenta.pl\/de\/dienstleistungen-und-loesungen\/finanzmanagement-und-controlling\/","og_site_name":"Interim Partners - Inwenta","article_modified_time":"2024-08-11T09:17:32+00:00","twitter_card":"summary_large_image","schema":{"@context":"https:\/\/schema.org","@graph":[{"@type":"WebSite","@id":"https:\/\/interimpartners.inwenta.pl\/de\/#website","url":"https:\/\/interimpartners.inwenta.pl\/de\/","name":"Interim Partners - Inwenta","description":"Od 20 lat aktywnie wspieramy przedsi\u0119biorc\u00f3w i ich firmy w pokonywaniu barier operacyjnych oraz codziennych wyzwa\u0144 w podnoszeniu warto\u015bci ich biznesu.","potentialAction":[{"@type":"SearchAction","target":{"@type":"EntryPoint","urlTemplate":"https:\/\/interimpartners.inwenta.pl\/de\/?s={search_term_string}"},"query-input":"required name=search_term_string"}],"inLanguage":"de"},{"@type":"WebPage","@id":"https:\/\/interimpartners.inwenta.pl\/de\/dienstleistungen-und-loesungen\/finanzmanagement-und-controlling\/#webpage","url":"https:\/\/interimpartners.inwenta.pl\/de\/dienstleistungen-und-loesungen\/finanzmanagement-und-controlling\/","name":"Finanzmanagement und controlling - Interim Partners - Inwenta","isPartOf":{"@id":"https:\/\/interimpartners.inwenta.pl\/de\/#website"},"datePublished":"2023-11-09T14:06:57+00:00","dateModified":"2024-08-11T09:17:32+00:00","breadcrumb":{"@id":"https:\/\/interimpartners.inwenta.pl\/de\/dienstleistungen-und-loesungen\/finanzmanagement-und-controlling\/#breadcrumb"},"inLanguage":"de","potentialAction":[{"@type":"ReadAction","target":["https:\/\/interimpartners.inwenta.pl\/de\/dienstleistungen-und-loesungen\/finanzmanagement-und-controlling\/"]}]},{"@type":"BreadcrumbList","@id":"https:\/\/interimpartners.inwenta.pl\/de\/dienstleistungen-und-loesungen\/finanzmanagement-und-controlling\/#breadcrumb","itemListElement":[{"@type":"ListItem","position":1,"name":"Strona g\u0142\u00f3wna","item":"https:\/\/interimpartners.inwenta.pl\/de\/"},{"@type":"ListItem","position":2,"name":"Dienstleistungen und l\u00f6sungen","item":"https:\/\/interimpartners.inwenta.pl\/de\/dienstleistungen-und-loesungen\/"},{"@type":"ListItem","position":3,"name":"Finanzmanagement und controlling"}]}]}},"_links":{"self":[{"href":"https:\/\/interimpartners.inwenta.pl\/de\/wp-json\/wp\/v2\/pages\/2082"}],"collection":[{"href":"https:\/\/interimpartners.inwenta.pl\/de\/wp-json\/wp\/v2\/pages"}],"about":[{"href":"https:\/\/interimpartners.inwenta.pl\/de\/wp-json\/wp\/v2\/types\/page"}],"author":[{"embeddable":true,"href":"https:\/\/interimpartners.inwenta.pl\/de\/wp-json\/wp\/v2\/users\/1"}],"replies":[{"embeddable":true,"href":"https:\/\/interimpartners.inwenta.pl\/de\/wp-json\/wp\/v2\/comments?post=2082"}],"version-history":[{"count":2,"href":"https:\/\/interimpartners.inwenta.pl\/de\/wp-json\/wp\/v2\/pages\/2082\/revisions"}],"predecessor-version":[{"id":2176,"href":"https:\/\/interimpartners.inwenta.pl\/de\/wp-json\/wp\/v2\/pages\/2082\/revisions\/2176"}],"up":[{"embeddable":true,"href":"https:\/\/interimpartners.inwenta.pl\/de\/wp-json\/wp\/v2\/pages\/2075"}],"wp:attachment":[{"href":"https:\/\/interimpartners.inwenta.pl\/de\/wp-json\/wp\/v2\/media?parent=2082"}],"curies":[{"name":"wp","href":"https:\/\/api.w.org\/{rel}","templated":true}]}}