{"id":2861,"date":"2025-10-31T17:01:53","date_gmt":"2025-10-31T16:01:53","guid":{"rendered":"https:\/\/interimpartners.inwenta.pl\/?page_id=2861"},"modified":"2025-10-31T17:01:53","modified_gmt":"2025-10-31T16:01:53","slug":"ubergangsmanagement","status":"publish","type":"page","link":"https:\/\/interimpartners.inwenta.pl\/de\/dienstleistungen-und-loesungen\/ubergangsmanagement\/","title":{"rendered":"\u00dcbergangsmanagement"},"content":{"rendered":"","protected":false},"excerpt":{"rendered":"","protected":false},"author":4,"featured_media":0,"parent":2075,"menu_order":81,"comment_status":"closed","ping_status":"closed","template":"template-child-page.php","meta":[],"acf":[],"yoast_head":"<!-- This site is optimized with the Yoast SEO plugin v19.0 - https:\/\/yoast.com\/wordpress\/plugins\/seo\/ -->\n<title>\u00dcbergangsmanagement - Interim Partners - Inwenta<\/title>\n<meta name=\"robots\" content=\"index, follow, max-snippet:-1, max-image-preview:large, max-video-preview:-1\" \/>\n<link rel=\"canonical\" href=\"https:\/\/interimpartners.inwenta.pl\/de\/dienstleistungen-und-loesungen\/ubergangsmanagement\/\" \/>\n<meta property=\"og:locale\" content=\"de_DE\" \/>\n<meta property=\"og:type\" content=\"article\" \/>\n<meta property=\"og:title\" content=\"\u00dcbergangsmanagement - Interim Partners - Inwenta\" \/>\n<meta property=\"og:url\" content=\"https:\/\/interimpartners.inwenta.pl\/de\/dienstleistungen-und-loesungen\/ubergangsmanagement\/\" \/>\n<meta property=\"og:site_name\" content=\"Interim Partners - Inwenta\" \/>\n<meta name=\"twitter:card\" content=\"summary_large_image\" \/>\n<script type=\"application\/ld+json\" class=\"yoast-schema-graph\">{\"@context\":\"https:\/\/schema.org\",\"@graph\":[{\"@type\":\"WebSite\",\"@id\":\"https:\/\/interimpartners.inwenta.pl\/de\/#website\",\"url\":\"https:\/\/interimpartners.inwenta.pl\/de\/\",\"name\":\"Interim Partners - Inwenta\",\"description\":\"Od 20 lat aktywnie wspieramy przedsi\u0119biorc\u00f3w i ich firmy w pokonywaniu barier operacyjnych oraz codziennych wyzwa\u0144 w podnoszeniu warto\u015bci ich biznesu.\",\"potentialAction\":[{\"@type\":\"SearchAction\",\"target\":{\"@type\":\"EntryPoint\",\"urlTemplate\":\"https:\/\/interimpartners.inwenta.pl\/de\/?s={search_term_string}\"},\"query-input\":\"required name=search_term_string\"}],\"inLanguage\":\"de\"},{\"@type\":\"WebPage\",\"@id\":\"https:\/\/interimpartners.inwenta.pl\/de\/dienstleistungen-und-loesungen\/ubergangsmanagement\/#webpage\",\"url\":\"https:\/\/interimpartners.inwenta.pl\/de\/dienstleistungen-und-loesungen\/ubergangsmanagement\/\",\"name\":\"\u00dcbergangsmanagement - Interim Partners - Inwenta\",\"isPartOf\":{\"@id\":\"https:\/\/interimpartners.inwenta.pl\/de\/#website\"},\"datePublished\":\"2025-10-31T16:01:53+00:00\",\"dateModified\":\"2025-10-31T16:01:53+00:00\",\"breadcrumb\":{\"@id\":\"https:\/\/interimpartners.inwenta.pl\/de\/dienstleistungen-und-loesungen\/ubergangsmanagement\/#breadcrumb\"},\"inLanguage\":\"de\",\"potentialAction\":[{\"@type\":\"ReadAction\",\"target\":[\"https:\/\/interimpartners.inwenta.pl\/de\/dienstleistungen-und-loesungen\/ubergangsmanagement\/\"]}]},{\"@type\":\"BreadcrumbList\",\"@id\":\"https:\/\/interimpartners.inwenta.pl\/de\/dienstleistungen-und-loesungen\/ubergangsmanagement\/#breadcrumb\",\"itemListElement\":[{\"@type\":\"ListItem\",\"position\":1,\"name\":\"Strona g\u0142\u00f3wna\",\"item\":\"https:\/\/interimpartners.inwenta.pl\/de\/\"},{\"@type\":\"ListItem\",\"position\":2,\"name\":\"Dienstleistungen und l\u00f6sungen\",\"item\":\"https:\/\/interimpartners.inwenta.pl\/de\/dienstleistungen-und-loesungen\/\"},{\"@type\":\"ListItem\",\"position\":3,\"name\":\"\u00dcbergangsmanagement\"}]}]}<\/script>\n<!-- \/ Yoast SEO plugin. -->","yoast_head_json":{"title":"\u00dcbergangsmanagement - Interim Partners - Inwenta","robots":{"index":"index","follow":"follow","max-snippet":"max-snippet:-1","max-image-preview":"max-image-preview:large","max-video-preview":"max-video-preview:-1"},"canonical":"https:\/\/interimpartners.inwenta.pl\/de\/dienstleistungen-und-loesungen\/ubergangsmanagement\/","og_locale":"de_DE","og_type":"article","og_title":"\u00dcbergangsmanagement - Interim Partners - Inwenta","og_url":"https:\/\/interimpartners.inwenta.pl\/de\/dienstleistungen-und-loesungen\/ubergangsmanagement\/","og_site_name":"Interim Partners - Inwenta","twitter_card":"summary_large_image","schema":{"@context":"https:\/\/schema.org","@graph":[{"@type":"WebSite","@id":"https:\/\/interimpartners.inwenta.pl\/de\/#website","url":"https:\/\/interimpartners.inwenta.pl\/de\/","name":"Interim Partners - Inwenta","description":"Od 20 lat aktywnie wspieramy przedsi\u0119biorc\u00f3w i ich firmy w pokonywaniu barier operacyjnych oraz codziennych wyzwa\u0144 w podnoszeniu warto\u015bci ich biznesu.","potentialAction":[{"@type":"SearchAction","target":{"@type":"EntryPoint","urlTemplate":"https:\/\/interimpartners.inwenta.pl\/de\/?s={search_term_string}"},"query-input":"required name=search_term_string"}],"inLanguage":"de"},{"@type":"WebPage","@id":"https:\/\/interimpartners.inwenta.pl\/de\/dienstleistungen-und-loesungen\/ubergangsmanagement\/#webpage","url":"https:\/\/interimpartners.inwenta.pl\/de\/dienstleistungen-und-loesungen\/ubergangsmanagement\/","name":"\u00dcbergangsmanagement - Interim Partners - Inwenta","isPartOf":{"@id":"https:\/\/interimpartners.inwenta.pl\/de\/#website"},"datePublished":"2025-10-31T16:01:53+00:00","dateModified":"2025-10-31T16:01:53+00:00","breadcrumb":{"@id":"https:\/\/interimpartners.inwenta.pl\/de\/dienstleistungen-und-loesungen\/ubergangsmanagement\/#breadcrumb"},"inLanguage":"de","potentialAction":[{"@type":"ReadAction","target":["https:\/\/interimpartners.inwenta.pl\/de\/dienstleistungen-und-loesungen\/ubergangsmanagement\/"]}]},{"@type":"BreadcrumbList","@id":"https:\/\/interimpartners.inwenta.pl\/de\/dienstleistungen-und-loesungen\/ubergangsmanagement\/#breadcrumb","itemListElement":[{"@type":"ListItem","position":1,"name":"Strona g\u0142\u00f3wna","item":"https:\/\/interimpartners.inwenta.pl\/de\/"},{"@type":"ListItem","position":2,"name":"Dienstleistungen und l\u00f6sungen","item":"https:\/\/interimpartners.inwenta.pl\/de\/dienstleistungen-und-loesungen\/"},{"@type":"ListItem","position":3,"name":"\u00dcbergangsmanagement"}]}]}},"_links":{"self":[{"href":"https:\/\/interimpartners.inwenta.pl\/de\/wp-json\/wp\/v2\/pages\/2861"}],"collection":[{"href":"https:\/\/interimpartners.inwenta.pl\/de\/wp-json\/wp\/v2\/pages"}],"about":[{"href":"https:\/\/interimpartners.inwenta.pl\/de\/wp-json\/wp\/v2\/types\/page"}],"author":[{"embeddable":true,"href":"https:\/\/interimpartners.inwenta.pl\/de\/wp-json\/wp\/v2\/users\/4"}],"replies":[{"embeddable":true,"href":"https:\/\/interimpartners.inwenta.pl\/de\/wp-json\/wp\/v2\/comments?post=2861"}],"version-history":[{"count":1,"href":"https:\/\/interimpartners.inwenta.pl\/de\/wp-json\/wp\/v2\/pages\/2861\/revisions"}],"predecessor-version":[{"id":2882,"href":"https:\/\/interimpartners.inwenta.pl\/de\/wp-json\/wp\/v2\/pages\/2861\/revisions\/2882"}],"up":[{"embeddable":true,"href":"https:\/\/interimpartners.inwenta.pl\/de\/wp-json\/wp\/v2\/pages\/2075"}],"wp:attachment":[{"href":"https:\/\/interimpartners.inwenta.pl\/de\/wp-json\/wp\/v2\/media?parent=2861"}],"curies":[{"name":"wp","href":"https:\/\/api.w.org\/{rel}","templated":true}]}}