{"id":1854,"date":"2023-11-09T15:07:38","date_gmt":"2023-11-09T14:07:38","guid":{"rendered":"https:\/\/interim.local.com\/uslugi-i-rozwiazania\/project-i-program-management\/"},"modified":"2024-08-10T13:19:23","modified_gmt":"2024-08-10T11:19:23","slug":"project-i-program-management","status":"publish","type":"page","link":"https:\/\/interimpartners.inwenta.pl\/en\/services-and-solutions\/project-i-program-management\/","title":{"rendered":"Project i program management"},"content":{"rendered":"","protected":false},"excerpt":{"rendered":"","protected":false},"author":1,"featured_media":0,"parent":1849,"menu_order":52,"comment_status":"closed","ping_status":"closed","template":"template-child-page.php","meta":[],"acf":[],"yoast_head":"<!-- This site is optimized with the Yoast SEO plugin v19.0 - https:\/\/yoast.com\/wordpress\/plugins\/seo\/ -->\n<title>Project i program management - Interim Partners - Inwenta<\/title>\n<meta name=\"robots\" content=\"index, follow, max-snippet:-1, max-image-preview:large, max-video-preview:-1\" \/>\n<link rel=\"canonical\" href=\"https:\/\/interimpartners.inwenta.pl\/en\/services-and-solutions\/project-i-program-management\/\" \/>\n<meta property=\"og:locale\" content=\"en_US\" \/>\n<meta property=\"og:type\" content=\"article\" \/>\n<meta property=\"og:title\" content=\"Project i program management - Interim Partners - Inwenta\" \/>\n<meta property=\"og:url\" content=\"https:\/\/interimpartners.inwenta.pl\/en\/services-and-solutions\/project-i-program-management\/\" \/>\n<meta property=\"og:site_name\" content=\"Interim Partners - Inwenta\" \/>\n<meta property=\"article:modified_time\" content=\"2024-08-10T11:19:23+00:00\" \/>\n<meta name=\"twitter:card\" content=\"summary_large_image\" \/>\n<script type=\"application\/ld+json\" class=\"yoast-schema-graph\">{\"@context\":\"https:\/\/schema.org\",\"@graph\":[{\"@type\":\"WebSite\",\"@id\":\"https:\/\/interimpartners.inwenta.pl\/en\/#website\",\"url\":\"https:\/\/interimpartners.inwenta.pl\/en\/\",\"name\":\"Interim Partners - Inwenta\",\"description\":\"Od 20 lat aktywnie wspieramy przedsi\u0119biorc\u00f3w i ich firmy w pokonywaniu barier operacyjnych oraz codziennych wyzwa\u0144 w podnoszeniu warto\u015bci ich biznesu.\",\"potentialAction\":[{\"@type\":\"SearchAction\",\"target\":{\"@type\":\"EntryPoint\",\"urlTemplate\":\"https:\/\/interimpartners.inwenta.pl\/en\/?s={search_term_string}\"},\"query-input\":\"required name=search_term_string\"}],\"inLanguage\":\"en-US\"},{\"@type\":\"WebPage\",\"@id\":\"https:\/\/interimpartners.inwenta.pl\/en\/services-and-solutions\/project-i-program-management\/#webpage\",\"url\":\"https:\/\/interimpartners.inwenta.pl\/en\/services-and-solutions\/project-i-program-management\/\",\"name\":\"Project i program management - Interim Partners - Inwenta\",\"isPartOf\":{\"@id\":\"https:\/\/interimpartners.inwenta.pl\/en\/#website\"},\"datePublished\":\"2023-11-09T14:07:38+00:00\",\"dateModified\":\"2024-08-10T11:19:23+00:00\",\"breadcrumb\":{\"@id\":\"https:\/\/interimpartners.inwenta.pl\/en\/services-and-solutions\/project-i-program-management\/#breadcrumb\"},\"inLanguage\":\"en-US\",\"potentialAction\":[{\"@type\":\"ReadAction\",\"target\":[\"https:\/\/interimpartners.inwenta.pl\/en\/services-and-solutions\/project-i-program-management\/\"]}]},{\"@type\":\"BreadcrumbList\",\"@id\":\"https:\/\/interimpartners.inwenta.pl\/en\/services-and-solutions\/project-i-program-management\/#breadcrumb\",\"itemListElement\":[{\"@type\":\"ListItem\",\"position\":1,\"name\":\"Strona g\u0142\u00f3wna\",\"item\":\"https:\/\/interimpartners.inwenta.pl\/en\/\"},{\"@type\":\"ListItem\",\"position\":2,\"name\":\"Services and Solutions\",\"item\":\"https:\/\/interimpartners.inwenta.pl\/en\/services-and-solutions\/\"},{\"@type\":\"ListItem\",\"position\":3,\"name\":\"Project i program management\"}]}]}<\/script>\n<!-- \/ Yoast SEO plugin. -->","yoast_head_json":{"title":"Project i program management - Interim Partners - Inwenta","robots":{"index":"index","follow":"follow","max-snippet":"max-snippet:-1","max-image-preview":"max-image-preview:large","max-video-preview":"max-video-preview:-1"},"canonical":"https:\/\/interimpartners.inwenta.pl\/en\/services-and-solutions\/project-i-program-management\/","og_locale":"en_US","og_type":"article","og_title":"Project i program management - Interim Partners - Inwenta","og_url":"https:\/\/interimpartners.inwenta.pl\/en\/services-and-solutions\/project-i-program-management\/","og_site_name":"Interim Partners - Inwenta","article_modified_time":"2024-08-10T11:19:23+00:00","twitter_card":"summary_large_image","schema":{"@context":"https:\/\/schema.org","@graph":[{"@type":"WebSite","@id":"https:\/\/interimpartners.inwenta.pl\/en\/#website","url":"https:\/\/interimpartners.inwenta.pl\/en\/","name":"Interim Partners - Inwenta","description":"Od 20 lat aktywnie wspieramy przedsi\u0119biorc\u00f3w i ich firmy w pokonywaniu barier operacyjnych oraz codziennych wyzwa\u0144 w podnoszeniu warto\u015bci ich biznesu.","potentialAction":[{"@type":"SearchAction","target":{"@type":"EntryPoint","urlTemplate":"https:\/\/interimpartners.inwenta.pl\/en\/?s={search_term_string}"},"query-input":"required name=search_term_string"}],"inLanguage":"en-US"},{"@type":"WebPage","@id":"https:\/\/interimpartners.inwenta.pl\/en\/services-and-solutions\/project-i-program-management\/#webpage","url":"https:\/\/interimpartners.inwenta.pl\/en\/services-and-solutions\/project-i-program-management\/","name":"Project i program management - Interim Partners - Inwenta","isPartOf":{"@id":"https:\/\/interimpartners.inwenta.pl\/en\/#website"},"datePublished":"2023-11-09T14:07:38+00:00","dateModified":"2024-08-10T11:19:23+00:00","breadcrumb":{"@id":"https:\/\/interimpartners.inwenta.pl\/en\/services-and-solutions\/project-i-program-management\/#breadcrumb"},"inLanguage":"en-US","potentialAction":[{"@type":"ReadAction","target":["https:\/\/interimpartners.inwenta.pl\/en\/services-and-solutions\/project-i-program-management\/"]}]},{"@type":"BreadcrumbList","@id":"https:\/\/interimpartners.inwenta.pl\/en\/services-and-solutions\/project-i-program-management\/#breadcrumb","itemListElement":[{"@type":"ListItem","position":1,"name":"Strona g\u0142\u00f3wna","item":"https:\/\/interimpartners.inwenta.pl\/en\/"},{"@type":"ListItem","position":2,"name":"Services and Solutions","item":"https:\/\/interimpartners.inwenta.pl\/en\/services-and-solutions\/"},{"@type":"ListItem","position":3,"name":"Project i program management"}]}]}},"_links":{"self":[{"href":"https:\/\/interimpartners.inwenta.pl\/en\/wp-json\/wp\/v2\/pages\/1854"}],"collection":[{"href":"https:\/\/interimpartners.inwenta.pl\/en\/wp-json\/wp\/v2\/pages"}],"about":[{"href":"https:\/\/interimpartners.inwenta.pl\/en\/wp-json\/wp\/v2\/types\/page"}],"author":[{"embeddable":true,"href":"https:\/\/interimpartners.inwenta.pl\/en\/wp-json\/wp\/v2\/users\/1"}],"replies":[{"embeddable":true,"href":"https:\/\/interimpartners.inwenta.pl\/en\/wp-json\/wp\/v2\/comments?post=1854"}],"version-history":[{"count":2,"href":"https:\/\/interimpartners.inwenta.pl\/en\/wp-json\/wp\/v2\/pages\/1854\/revisions"}],"predecessor-version":[{"id":1993,"href":"https:\/\/interimpartners.inwenta.pl\/en\/wp-json\/wp\/v2\/pages\/1854\/revisions\/1993"}],"up":[{"embeddable":true,"href":"https:\/\/interimpartners.inwenta.pl\/en\/wp-json\/wp\/v2\/pages\/1849"}],"wp:attachment":[{"href":"https:\/\/interimpartners.inwenta.pl\/en\/wp-json\/wp\/v2\/media?parent=1854"}],"curies":[{"name":"wp","href":"https:\/\/api.w.org\/{rel}","templated":true}]}}