{"id":2862,"date":"2025-10-31T17:01:53","date_gmt":"2025-10-31T16:01:53","guid":{"rendered":"https:\/\/interimpartners.inwenta.pl\/?page_id=2862"},"modified":"2025-10-31T17:01:55","modified_gmt":"2025-10-31T16:01:55","slug":"transition-management-2","status":"publish","type":"page","link":"https:\/\/interimpartners.inwenta.pl\/en\/services-and-solutions\/transition-management-2\/","title":{"rendered":"Transition management"},"content":{"rendered":"","protected":false},"excerpt":{"rendered":"","protected":false},"author":4,"featured_media":0,"parent":1849,"menu_order":80,"comment_status":"closed","ping_status":"closed","template":"template-child-page.php","meta":[],"acf":[],"yoast_head":"<!-- This site is optimized with the Yoast SEO plugin v19.0 - https:\/\/yoast.com\/wordpress\/plugins\/seo\/ -->\n<title>Transition management - Interim Partners - Inwenta<\/title>\n<meta name=\"robots\" content=\"index, follow, max-snippet:-1, max-image-preview:large, max-video-preview:-1\" \/>\n<link rel=\"canonical\" href=\"https:\/\/interimpartners.inwenta.pl\/en\/services-and-solutions\/transition-management-2\/\" \/>\n<meta property=\"og:locale\" content=\"en_US\" \/>\n<meta property=\"og:type\" content=\"article\" \/>\n<meta property=\"og:title\" content=\"Transition management - Interim Partners - Inwenta\" \/>\n<meta property=\"og:url\" content=\"https:\/\/interimpartners.inwenta.pl\/en\/services-and-solutions\/transition-management-2\/\" \/>\n<meta property=\"og:site_name\" content=\"Interim Partners - Inwenta\" \/>\n<meta property=\"article:modified_time\" content=\"2025-10-31T16:01:55+00:00\" \/>\n<meta name=\"twitter:card\" content=\"summary_large_image\" \/>\n<script type=\"application\/ld+json\" class=\"yoast-schema-graph\">{\"@context\":\"https:\/\/schema.org\",\"@graph\":[{\"@type\":\"WebSite\",\"@id\":\"https:\/\/interimpartners.inwenta.pl\/en\/#website\",\"url\":\"https:\/\/interimpartners.inwenta.pl\/en\/\",\"name\":\"Interim Partners - Inwenta\",\"description\":\"Od 20 lat aktywnie wspieramy przedsi\u0119biorc\u00f3w i ich firmy w pokonywaniu barier operacyjnych oraz codziennych wyzwa\u0144 w podnoszeniu warto\u015bci ich biznesu.\",\"potentialAction\":[{\"@type\":\"SearchAction\",\"target\":{\"@type\":\"EntryPoint\",\"urlTemplate\":\"https:\/\/interimpartners.inwenta.pl\/en\/?s={search_term_string}\"},\"query-input\":\"required name=search_term_string\"}],\"inLanguage\":\"en-US\"},{\"@type\":\"WebPage\",\"@id\":\"https:\/\/interimpartners.inwenta.pl\/en\/services-and-solutions\/transition-management-2\/#webpage\",\"url\":\"https:\/\/interimpartners.inwenta.pl\/en\/services-and-solutions\/transition-management-2\/\",\"name\":\"Transition management - Interim Partners - Inwenta\",\"isPartOf\":{\"@id\":\"https:\/\/interimpartners.inwenta.pl\/en\/#website\"},\"datePublished\":\"2025-10-31T16:01:53+00:00\",\"dateModified\":\"2025-10-31T16:01:55+00:00\",\"breadcrumb\":{\"@id\":\"https:\/\/interimpartners.inwenta.pl\/en\/services-and-solutions\/transition-management-2\/#breadcrumb\"},\"inLanguage\":\"en-US\",\"potentialAction\":[{\"@type\":\"ReadAction\",\"target\":[\"https:\/\/interimpartners.inwenta.pl\/en\/services-and-solutions\/transition-management-2\/\"]}]},{\"@type\":\"BreadcrumbList\",\"@id\":\"https:\/\/interimpartners.inwenta.pl\/en\/services-and-solutions\/transition-management-2\/#breadcrumb\",\"itemListElement\":[{\"@type\":\"ListItem\",\"position\":1,\"name\":\"Strona g\u0142\u00f3wna\",\"item\":\"https:\/\/interimpartners.inwenta.pl\/en\/\"},{\"@type\":\"ListItem\",\"position\":2,\"name\":\"Services and Solutions\",\"item\":\"https:\/\/interimpartners.inwenta.pl\/en\/services-and-solutions\/\"},{\"@type\":\"ListItem\",\"position\":3,\"name\":\"Transition management\"}]}]}<\/script>\n<!-- \/ Yoast SEO plugin. -->","yoast_head_json":{"title":"Transition management - Interim Partners - Inwenta","robots":{"index":"index","follow":"follow","max-snippet":"max-snippet:-1","max-image-preview":"max-image-preview:large","max-video-preview":"max-video-preview:-1"},"canonical":"https:\/\/interimpartners.inwenta.pl\/en\/services-and-solutions\/transition-management-2\/","og_locale":"en_US","og_type":"article","og_title":"Transition management - Interim Partners - Inwenta","og_url":"https:\/\/interimpartners.inwenta.pl\/en\/services-and-solutions\/transition-management-2\/","og_site_name":"Interim Partners - Inwenta","article_modified_time":"2025-10-31T16:01:55+00:00","twitter_card":"summary_large_image","schema":{"@context":"https:\/\/schema.org","@graph":[{"@type":"WebSite","@id":"https:\/\/interimpartners.inwenta.pl\/en\/#website","url":"https:\/\/interimpartners.inwenta.pl\/en\/","name":"Interim Partners - Inwenta","description":"Od 20 lat aktywnie wspieramy przedsi\u0119biorc\u00f3w i ich firmy w pokonywaniu barier operacyjnych oraz codziennych wyzwa\u0144 w podnoszeniu warto\u015bci ich biznesu.","potentialAction":[{"@type":"SearchAction","target":{"@type":"EntryPoint","urlTemplate":"https:\/\/interimpartners.inwenta.pl\/en\/?s={search_term_string}"},"query-input":"required name=search_term_string"}],"inLanguage":"en-US"},{"@type":"WebPage","@id":"https:\/\/interimpartners.inwenta.pl\/en\/services-and-solutions\/transition-management-2\/#webpage","url":"https:\/\/interimpartners.inwenta.pl\/en\/services-and-solutions\/transition-management-2\/","name":"Transition management - Interim Partners - Inwenta","isPartOf":{"@id":"https:\/\/interimpartners.inwenta.pl\/en\/#website"},"datePublished":"2025-10-31T16:01:53+00:00","dateModified":"2025-10-31T16:01:55+00:00","breadcrumb":{"@id":"https:\/\/interimpartners.inwenta.pl\/en\/services-and-solutions\/transition-management-2\/#breadcrumb"},"inLanguage":"en-US","potentialAction":[{"@type":"ReadAction","target":["https:\/\/interimpartners.inwenta.pl\/en\/services-and-solutions\/transition-management-2\/"]}]},{"@type":"BreadcrumbList","@id":"https:\/\/interimpartners.inwenta.pl\/en\/services-and-solutions\/transition-management-2\/#breadcrumb","itemListElement":[{"@type":"ListItem","position":1,"name":"Strona g\u0142\u00f3wna","item":"https:\/\/interimpartners.inwenta.pl\/en\/"},{"@type":"ListItem","position":2,"name":"Services and Solutions","item":"https:\/\/interimpartners.inwenta.pl\/en\/services-and-solutions\/"},{"@type":"ListItem","position":3,"name":"Transition management"}]}]}},"_links":{"self":[{"href":"https:\/\/interimpartners.inwenta.pl\/en\/wp-json\/wp\/v2\/pages\/2862"}],"collection":[{"href":"https:\/\/interimpartners.inwenta.pl\/en\/wp-json\/wp\/v2\/pages"}],"about":[{"href":"https:\/\/interimpartners.inwenta.pl\/en\/wp-json\/wp\/v2\/types\/page"}],"author":[{"embeddable":true,"href":"https:\/\/interimpartners.inwenta.pl\/en\/wp-json\/wp\/v2\/users\/4"}],"replies":[{"embeddable":true,"href":"https:\/\/interimpartners.inwenta.pl\/en\/wp-json\/wp\/v2\/comments?post=2862"}],"version-history":[{"count":1,"href":"https:\/\/interimpartners.inwenta.pl\/en\/wp-json\/wp\/v2\/pages\/2862\/revisions"}],"predecessor-version":[{"id":2883,"href":"https:\/\/interimpartners.inwenta.pl\/en\/wp-json\/wp\/v2\/pages\/2862\/revisions\/2883"}],"up":[{"embeddable":true,"href":"https:\/\/interimpartners.inwenta.pl\/en\/wp-json\/wp\/v2\/pages\/1849"}],"wp:attachment":[{"href":"https:\/\/interimpartners.inwenta.pl\/en\/wp-json\/wp\/v2\/media?parent=2862"}],"curies":[{"name":"wp","href":"https:\/\/api.w.org\/{rel}","templated":true}]}}